{"id":37000,"date":"2018-05-30T11:16:09","date_gmt":"2018-05-30T09:16:09","guid":{"rendered":"https:\/\/www.tomajazz.com\/web\/?page_id=37000"},"modified":"2018-06-05T14:24:13","modified_gmt":"2018-06-05T12:24:13","slug":"los-podcast-de-tomajazz-y-alrededores","status":"publish","type":"page","link":"https:\/\/tomajazz.com\/web\/los-podcast-de-tomajazz-y-alrededores\/","title":{"rendered":"Los podcast de Tomajazz&#8230; y alrededores"},"content":{"rendered":"<p>En <strong>Telegram<\/strong> puedes seguir todos los <em>podcast<\/em> que publicamos en Tomajazz <a href=\"https:\/\/t.me\/TomajazzPodcast\" target=\"_blank\" rel=\"noopener\">https:\/\/t.me\/TomajazzPodcast<\/a><\/p>\n<p>Estos son algunos de los <em>podcast<\/em>\u00a0y programas de radio que se emiten y publican desde Tomajazz, y\/o que son realizados por algunos de los colaboradores de Tomajazz:<\/p>\n<p><em>HDO: Hablando de O\u00eddas<\/em> de <strong>Pachi Tapiz\u00a0<\/strong>\/\u00a0Para seguir HDO en <strong>Telegram<\/strong> haz click en el siguiente enlace\u00a0<a href=\"https:\/\/t.me\/HDO_podcast\" target=\"_blank\" rel=\"noopener\">https:\/\/t.me\/HDO_podcast<\/a> \/ Para seguir HDO en iTunes haz click en el siguiente enlace: <a href=\"https:\/\/itunes.apple.com\/es\/podcast\/hdo-hablando-de-o%C3%ADdas-de-jazz-e-improvisaci%C3%B3n\/id1125529093?mt=2\" target=\"_blank\" rel=\"noopener\">https:\/\/itunes.apple.com\/es\/podcast\/hdo-hablando-de-o\u00eddas-de-jazz-e-improvisaci\u00f3n<\/a><\/p>\n<p><iframe loading=\"lazy\" style=\"border: 1px solid #D7D7D7;\" src=\"http:\/\/www.ivoox.com\/player_es_podcast_180329_1.html\" width=\"100%\" height=\"440\" frameborder=\"0\" scrolling=\"no\" allowfullscreen=\"allowfullscreen\"><\/iframe><\/p>\n<p><em>La Odisea de la M\u00fasica Afroamericana<\/em> de <strong>Luis Escalante Ozalla<\/strong><\/p>\n<p><iframe loading=\"lazy\" style=\"border: 1px solid #D7D7D7;\" src=\"http:\/\/www.ivoox.com\/player_es_podcast_168944_1.html\" width=\"100%\" height=\"440\" frameborder=\"0\" scrolling=\"no\" allowfullscreen=\"allowfullscreen\"><\/iframe><\/p>\n<p><em>Universos Paralelos<\/em> de <strong>Sergio Cabanillas<\/strong><\/p>\n<p><iframe loading=\"lazy\" style=\"border: 1px solid #D7D7D7;\" src=\"http:\/\/www.ivoox.com\/player_es_podcast_93179_1.html\" width=\"100%\" height=\"440\" frameborder=\"0\" scrolling=\"no\" allowfullscreen=\"allowfullscreen\"><\/iframe><\/p>\n<p><em>Jazz en espa\u00f1ol<\/em> de <strong>Juli\u00e1n Ruesga Bono<\/strong><\/p>\n<p><iframe loading=\"lazy\" style=\"border: 1px solid #D7D7D7;\" src=\"http:\/\/www.ivoox.com\/player_es_podcast_478867_1.html\" width=\"100%\" height=\"440\" frameborder=\"0\" scrolling=\"no\" allowfullscreen=\"allowfullscreen\"><\/iframe><\/p>\n<p><em>Damas, damitas y alg\u00fan vagabundo<\/em> de <strong>Luis Escalante Ozalla<\/strong><\/p>\n<p><iframe loading=\"lazy\" style=\"border: 1px solid #D7D7D7;\" src=\"http:\/\/www.ivoox.com\/player_es_podcast_574765_1.html\" width=\"100%\" height=\"440\" frameborder=\"0\" scrolling=\"no\" allowfullscreen=\"allowfullscreen\"><\/iframe><\/p>\n<p><em>Jazz Para Ti<\/em> de <strong>Pachi Tapiz<\/strong> es un programa de radio que se emite en RCB (Radio Comarca de Barros) \/\u00a0Para seguir el podcast en <strong>Telegram<\/strong> sigue el siguiente enlace:\u00a0<a href=\"https:\/\/t.me\/JazzParaTi\" target=\"_blank\" rel=\"noopener\">https:\/\/t.me\/JazzParaTi<\/a><\/p>\n<p>Jazz Para Ti 14<br \/>\n<audio class=\"wp-audio-shortcode\" id=\"audio-37000-1\" preload=\"none\" style=\"width: 100%;\" controls=\"controls\"><source type=\"audio\/mpeg\" src=\"http:\/\/www.ivoox.com\/29-05-18-jazz-para-ti-programa-14_md_26239459_wp_1.mp3?_=1\" \/><a href=\"http:\/\/www.ivoox.com\/29-05-18-jazz-para-ti-programa-14_md_26239459_wp_1.mp3\" target=\"_blank\" rel=\"noopener\">http:\/\/www.ivoox.com\/29-05-18-jazz-para-ti-programa-14_md_26239459_wp_1.mp3<\/a><\/audio><br \/>\n<a title=\"29-05-18 Jazz Para ti (Programa 14)\" href=\"http:\/\/www.ivoox.com\/29-05-18-jazz-para-ti-programa-14-audios-mp3_rf_26239459_1.html\" target=\"_blank\" rel=\"noopener\">Ir a descargar<\/a><br \/>\nJazz Para Ti 13<br \/>\n<audio class=\"wp-audio-shortcode\" id=\"audio-37000-2\" preload=\"none\" style=\"width: 100%;\" controls=\"controls\"><source type=\"audio\/mpeg\" src=\"https:\/\/www.ivoox.com\/15-05-18-jazz-para-ti-programa-13_md_25990936_wp_1.mp3?_=2\" \/><a href=\"https:\/\/www.ivoox.com\/15-05-18-jazz-para-ti-programa-13_md_25990936_wp_1.mp3\" target=\"_blank\" rel=\"noopener\">https:\/\/www.ivoox.com\/15-05-18-jazz-para-ti-programa-13_md_25990936_wp_1.mp3<\/a><\/audio><br \/>\n<a title=\"15-05-18 Jazz Para ti (Programa 13)\" href=\"https:\/\/www.ivoox.com\/15-05-18-jazz-para-ti-programa-13-audios-mp3_rf_25990936_1.html\" target=\"_blank\" rel=\"noopener\">Ir a descargar<\/a><br \/>\nJazz Para Ti 12<br \/>\n<audio class=\"wp-audio-shortcode\" id=\"audio-37000-3\" preload=\"none\" style=\"width: 100%;\" controls=\"controls\"><source type=\"audio\/mpeg\" src=\"https:\/\/www.ivoox.com\/08-05-18-jazz-para-ti-programa-12_md_25858893_wp_1.mp3?_=3\" \/><a href=\"https:\/\/www.ivoox.com\/08-05-18-jazz-para-ti-programa-12_md_25858893_wp_1.mp3\" target=\"_blank\" rel=\"noopener\">https:\/\/www.ivoox.com\/08-05-18-jazz-para-ti-programa-12_md_25858893_wp_1.mp3<\/a><\/audio><br \/>\n<a title=\"08-05-18 Jazz Para ti (Programa 12)\" href=\"https:\/\/www.ivoox.com\/08-05-18-jazz-para-ti-programa-12-audios-mp3_rf_25858893_1.html\" target=\"_blank\" rel=\"noopener\">Ir a descargar<\/a><br \/>\nJazz Para Ti 11<br \/>\n<audio class=\"wp-audio-shortcode\" id=\"audio-37000-4\" preload=\"none\" style=\"width: 100%;\" controls=\"controls\"><source type=\"audio\/mpeg\" src=\"https:\/\/www.ivoox.com\/24-04-18-jazz-para-ti-programa-11_md_25599097_wp_1.mp3?_=4\" \/><a href=\"https:\/\/www.ivoox.com\/24-04-18-jazz-para-ti-programa-11_md_25599097_wp_1.mp3\" target=\"_blank\" rel=\"noopener\">https:\/\/www.ivoox.com\/24-04-18-jazz-para-ti-programa-11_md_25599097_wp_1.mp3<\/a><\/audio><br \/>\n<a title=\"24-04-18 Jazz Para ti (Programa 11)\" href=\"https:\/\/www.ivoox.com\/24-04-18-jazz-para-ti-programa-11-audios-mp3_rf_25599097_1.html\" target=\"_blank\" rel=\"noopener\">Ir a descargar<\/a><br \/>\nJazz Para Ti 10<br \/>\n<audio class=\"wp-audio-shortcode\" id=\"audio-37000-5\" preload=\"none\" style=\"width: 100%;\" controls=\"controls\"><source type=\"audio\/mpeg\" src=\"https:\/\/www.ivoox.com\/17-04-18-jazz-para-ti-programa-10_md_25433994_wp_1.mp3?_=5\" \/><a href=\"https:\/\/www.ivoox.com\/17-04-18-jazz-para-ti-programa-10_md_25433994_wp_1.mp3\" target=\"_blank\" rel=\"noopener\">https:\/\/www.ivoox.com\/17-04-18-jazz-para-ti-programa-10_md_25433994_wp_1.mp3<\/a><\/audio><br \/>\n<a title=\"17-04-18 Jazz Para ti (Programa 10)\" href=\"https:\/\/www.ivoox.com\/17-04-18-jazz-para-ti-programa-10-audios-mp3_rf_25433994_1.html\" target=\"_blank\" rel=\"noopener\">Ir a descargar<\/a><br \/>\nJazz Para Ti 9<br \/>\n<audio class=\"wp-audio-shortcode\" id=\"audio-37000-6\" preload=\"none\" style=\"width: 100%;\" controls=\"controls\"><source type=\"audio\/mpeg\" src=\"https:\/\/www.ivoox.com\/10-04-18-jazz-para-ti_md_25236801_wp_1.mp3?_=6\" \/><a href=\"https:\/\/www.ivoox.com\/10-04-18-jazz-para-ti_md_25236801_wp_1.mp3\" target=\"_blank\" rel=\"noopener\">https:\/\/www.ivoox.com\/10-04-18-jazz-para-ti_md_25236801_wp_1.mp3<\/a><\/audio><br \/>\n<a title=\"10-04-18 Jazz Para ti\" href=\"https:\/\/www.ivoox.com\/10-04-18-jazz-para-ti-audios-mp3_rf_25236801_1.html\" target=\"_blank\" rel=\"noopener\">Ir a descargar<\/a><br \/>\nJazz Para Ti 8<br \/>\n<audio class=\"wp-audio-shortcode\" id=\"audio-37000-7\" preload=\"none\" style=\"width: 100%;\" controls=\"controls\"><source type=\"audio\/mpeg\" src=\"https:\/\/www.ivoox.com\/03-04-18-jazz-para-ti_md_25041595_wp_1.mp3?_=7\" \/><a href=\"https:\/\/www.ivoox.com\/03-04-18-jazz-para-ti_md_25041595_wp_1.mp3\" target=\"_blank\" rel=\"noopener\">https:\/\/www.ivoox.com\/03-04-18-jazz-para-ti_md_25041595_wp_1.mp3<\/a><\/audio><br \/>\n<a title=\"03-04-18 Jazz para ti\" href=\"https:\/\/www.ivoox.com\/03-04-18-jazz-para-ti-audios-mp3_rf_25041595_1.html\" target=\"_blank\" rel=\"noopener\">Ir a descargar<\/a><br \/>\nJazz Para Ti 7<br \/>\n<audio class=\"wp-audio-shortcode\" id=\"audio-37000-8\" preload=\"none\" style=\"width: 100%;\" controls=\"controls\"><source type=\"audio\/mpeg\" src=\"https:\/\/www.ivoox.com\/27-03-18-jazz-para-ti_md_24854241_wp_1.mp3?_=8\" \/><a href=\"https:\/\/www.ivoox.com\/27-03-18-jazz-para-ti_md_24854241_wp_1.mp3\" target=\"_blank\" rel=\"noopener\">https:\/\/www.ivoox.com\/27-03-18-jazz-para-ti_md_24854241_wp_1.mp3<\/a><\/audio><br \/>\n<a title=\"27-03-18 Jazz para ti\" href=\"https:\/\/www.ivoox.com\/27-03-18-jazz-para-ti-audios-mp3_rf_24854241_1.html\" target=\"_blank\" rel=\"noopener\">Ir a descargar<\/a><br \/>\nJazz Para Ti 6<br \/>\n<audio class=\"wp-audio-shortcode\" id=\"audio-37000-9\" preload=\"none\" style=\"width: 100%;\" controls=\"controls\"><source type=\"audio\/mpeg\" src=\"https:\/\/www.ivoox.com\/20-03-18-jazz-para-ti_md_24651790_wp_1.mp3?_=9\" \/><a href=\"https:\/\/www.ivoox.com\/20-03-18-jazz-para-ti_md_24651790_wp_1.mp3\" target=\"_blank\" rel=\"noopener\">https:\/\/www.ivoox.com\/20-03-18-jazz-para-ti_md_24651790_wp_1.mp3<\/a><\/audio><br \/>\n<a title=\"20-03-18 Jazz para ti\" href=\"https:\/\/www.ivoox.com\/20-03-18-jazz-para-ti-audios-mp3_rf_24651790_1.html\" target=\"_blank\" rel=\"noopener\">Ir a descargar<\/a><br \/>\nJazz Para Ti 5<br \/>\n<audio class=\"wp-audio-shortcode\" id=\"audio-37000-10\" preload=\"none\" style=\"width: 100%;\" controls=\"controls\"><source type=\"audio\/mpeg\" src=\"https:\/\/www.ivoox.com\/13-03-18-jazz-para-ti_md_24394379_wp_1.mp3?_=10\" \/><a href=\"https:\/\/www.ivoox.com\/13-03-18-jazz-para-ti_md_24394379_wp_1.mp3\" target=\"_blank\" rel=\"noopener\">https:\/\/www.ivoox.com\/13-03-18-jazz-para-ti_md_24394379_wp_1.mp3<\/a><\/audio><br \/>\n<a title=\"13-03-18 Jazz para ti\" href=\"https:\/\/www.ivoox.com\/13-03-18-jazz-para-ti-audios-mp3_rf_24394379_1.html\" target=\"_blank\" rel=\"noopener\">Ir a descargar<\/a><br \/>\nJazz Para Ti 4<br \/>\n<audio class=\"wp-audio-shortcode\" id=\"audio-37000-11\" preload=\"none\" style=\"width: 100%;\" controls=\"controls\"><source type=\"audio\/mpeg\" src=\"https:\/\/www.ivoox.com\/06-03-18-jazz-para-ti_md_24249999_wp_1.mp3?_=11\" \/><a href=\"https:\/\/www.ivoox.com\/06-03-18-jazz-para-ti_md_24249999_wp_1.mp3\" target=\"_blank\" rel=\"noopener\">https:\/\/www.ivoox.com\/06-03-18-jazz-para-ti_md_24249999_wp_1.mp3<\/a><\/audio><br \/>\n<a title=\"06-03-18 Jazz para Ti\" href=\"https:\/\/www.ivoox.com\/06-03-18-jazz-para-ti-audios-mp3_rf_24249999_1.html\" target=\"_blank\" rel=\"noopener\">Ir a descargar<\/a><br \/>\nJazz Para Ti 3<br \/>\n<audio class=\"wp-audio-shortcode\" id=\"audio-37000-12\" preload=\"none\" style=\"width: 100%;\" controls=\"controls\"><source type=\"audio\/mpeg\" src=\"https:\/\/www.ivoox.com\/27-02-18-jazz-para-ti_md_24113682_wp_1.mp3?_=12\" \/><a href=\"https:\/\/www.ivoox.com\/27-02-18-jazz-para-ti_md_24113682_wp_1.mp3\" target=\"_blank\" rel=\"noopener\">https:\/\/www.ivoox.com\/27-02-18-jazz-para-ti_md_24113682_wp_1.mp3<\/a><\/audio><br \/>\n<a title=\"27-02-18 Jazz para Ti\" href=\"https:\/\/www.ivoox.com\/27-02-18-jazz-para-ti-audios-mp3_rf_24113682_1.html\" target=\"_blank\" rel=\"noopener\">Ir a descargar<\/a><br \/>\nJazz Para Ti 2<br \/>\n<audio class=\"wp-audio-shortcode\" id=\"audio-37000-13\" preload=\"none\" style=\"width: 100%;\" controls=\"controls\"><source type=\"audio\/mpeg\" src=\"https:\/\/www.ivoox.com\/20-02-18-jazz-para-ti_md_23944571_wp_1.mp3?_=13\" \/><a href=\"https:\/\/www.ivoox.com\/20-02-18-jazz-para-ti_md_23944571_wp_1.mp3\" target=\"_blank\" rel=\"noopener\">https:\/\/www.ivoox.com\/20-02-18-jazz-para-ti_md_23944571_wp_1.mp3<\/a><\/audio><br \/>\n<a title=\"20-02-18 Jazz Para Ti\" href=\"https:\/\/www.ivoox.com\/20-02-18-jazz-para-ti-audios-mp3_rf_23944571_1.html\" target=\"_blank\" rel=\"noopener\">Ir a descargar<\/a><br \/>\nJazz Para Ti 1<br \/>\n<audio class=\"wp-audio-shortcode\" id=\"audio-37000-14\" preload=\"none\" style=\"width: 100%;\" controls=\"controls\"><source type=\"audio\/mpeg\" src=\"https:\/\/www.ivoox.com\/13-02-18-jazz-para-ti-primer-programa_md_23740633_wp_1.mp3?_=14\" \/><a href=\"https:\/\/www.ivoox.com\/13-02-18-jazz-para-ti-primer-programa_md_23740633_wp_1.mp3\" target=\"_blank\" rel=\"noopener\">https:\/\/www.ivoox.com\/13-02-18-jazz-para-ti-primer-programa_md_23740633_wp_1.mp3<\/a><\/audio><br \/>\n<a title=\"13-02-18 Jazz Para Ti (Primer programa)\" href=\"https:\/\/www.ivoox.com\/13-02-18-jazz-para-ti-primer-programa-audios-mp3_rf_23740633_1.html\" target=\"_blank\" rel=\"noopener\">Ir a descargar<\/a><\/p>\n<p><iframe loading=\"lazy\" style=\"border: 1px solid #D7D7D7;\" src=\"http:\/\/www.ivoox.com\/player_es_podcast_61991_1.html\" width=\"100%\" height=\"440\" frameborder=\"0\" scrolling=\"no\" allowfullscreen=\"allowfullscreen\"><\/iframe><\/p>\n","protected":false},"excerpt":{"rendered":"<p>En Telegram puedes seguir todos los podcast que publicamos en Tomajazz https:\/\/t.me\/TomajazzPodcast Estos son algunos de los podcast\u00a0y programas de radio que se emiten y publican desde Tomajazz, y\/o que son realizados por algunos de los colaboradores de Tomajazz: HDO: Hablando de O\u00eddas de Pachi Tapiz\u00a0\/\u00a0Para seguir HDO en Telegram<span class=\"more-link\"><a href=\"https:\/\/tomajazz.com\/web\/los-podcast-de-tomajazz-y-alrededores\/\">Contin\u00faa leyendo<\/a><\/span><\/p>\n","protected":false},"author":1,"featured_media":37003,"parent":0,"menu_order":0,"comment_status":"closed","ping_status":"closed","template":"","meta":{"jetpack_post_was_ever_published":false,"footnotes":""},"class_list":["entry","author-pachi","post-37000","page","type-page","status-publish","has-post-thumbnail"],"jetpack_likes_enabled":true,"jetpack_sharing_enabled":true,"jetpack-related-posts":[{"id":4121,"url":"https:\/\/tomajazz.com\/web\/tomajazz-2-0\/","url_meta":{"origin":37000,"position":0},"title":"Tomajazz: un cuaderno de bit\u00e1cora&#8230; o algo parecido [Historia de Tomajazz AKA Qui\u00e9nes somos &#8211; Qu\u00e9 hacemos]","author":"Tomajazz","date":"28 enero, 2013","format":false,"excerpt":"\u00a0 Tomajazz y su cuaderno de bit\u00e1cora... las \u00faltimas novedades... 2026-03-31: \u00a1nos cambiamos de casa! (que no de alojamiento): como en Tomajazz somos muy apa\u00f1ados y hacemos de la necesidad virtud, aprovechando que ten\u00edamos que actualizar el sistema operativo del servidor, procedimos no s\u00f3lo a actualizar el sistema operativo, sino\u2026","rel":"","context":"Entrada similar","block_context":{"text":"Entrada similar","link":""},"img":{"alt_text":"Tomajazz: un cuaderno de bit\u00e1cora... o algo parecido [Historia de Tomajazz AKA Qui\u00e9nes somos - Qu\u00e9 hacemos] - Tomajazz","src":"https:\/\/i0.wp.com\/tomajazz.com\/web\/wp-content\/uploads\/2024\/11\/Esfera-Jazz-20241130-Tomajazz-Quienes-Somos.jpg?resize=350%2C200&ssl=1","width":350,"height":200,"srcset":"https:\/\/i0.wp.com\/tomajazz.com\/web\/wp-content\/uploads\/2024\/11\/Esfera-Jazz-20241130-Tomajazz-Quienes-Somos.jpg?resize=350%2C200&ssl=1 1x, https:\/\/i0.wp.com\/tomajazz.com\/web\/wp-content\/uploads\/2024\/11\/Esfera-Jazz-20241130-Tomajazz-Quienes-Somos.jpg?resize=525%2C300&ssl=1 1.5x"},"classes":[]},{"id":103855,"url":"https:\/\/tomajazz.com\/web\/el-libro-de-los-desapuntados\/","url_meta":{"origin":37000,"position":1},"title":"El libro de los desapuntados","author":"Tomajazz","date":"31 enero, 2026","format":false,"excerpt":"","rel":"","context":"Entrada similar","block_context":{"text":"Entrada similar","link":""},"img":{"alt_text":"","src":"","width":0,"height":0},"classes":[]},{"id":50448,"url":"https:\/\/tomajazz.com\/web\/proximamente-en-tomajazz\/","url_meta":{"origin":37000,"position":2},"title":"Pr\u00f3ximamente en Tomajazz&#8230; [Agenda]","author":"Tomajazz","date":"30 abril, 2020","format":false,"excerpt":"Pr\u00f3ximamente en Tomajazz... o una agenda de lo que vendr\u00e1... Semana del 29 de junio al 5 de julio de 2020.\u00a0 En una semana ya a pleno rendimiento, est\u00e1 previsto lo siguiente: un nuevo cap\u00edtulo de La Odisea de la M\u00fasica Afroamericana de Luis Escalante Ozalla, dedicado al enorme Lee\u2026","rel":"","context":"Entrada similar","block_context":{"text":"Entrada similar","link":""},"img":{"alt_text":"","src":"https:\/\/i0.wp.com\/tomajazz.com\/web\/wp-content\/uploads\/2020\/04\/Tomajazz_pantallazo-2020_04_30.jpg?resize=350%2C200&ssl=1","width":350,"height":200},"classes":[]},{"id":74718,"url":"https:\/\/tomajazz.com\/web\/especial-festivales-de-jazz-de-verano-de-2023\/","url_meta":{"origin":37000,"position":3},"title":"Especial Festivales de jazz de verano de 2023 en Espa\u00f1a [Especial Noticias de jazz]","author":"Tomajazz","date":"11 junio, 2023","format":false,"excerpt":"https:\/\/tomajazz.com\/web\/festivales-de-jazz\/ Para estar al tanto de los Festivales, Ciclos, Seminarios y Exposiciones de jazz, te recomendamos visitar la p\u00e1gina https:\/\/tomajazz.com\/web\/festivales-de-jazz\/ Los Festivales de jazz de verano de 2023 Una lista, no exhaustiva, aunque pretende ser lo m\u00e1s completa posible, de los Festivales de Jazz del verano de 2023 en Espa\u00f1a.\u2026","rel":"","context":"Entrada similar","block_context":{"text":"Entrada similar","link":""},"img":{"alt_text":"Especial Festivales de jazz de verano de 2023 en Espa\u00f1a [Especial Noticias de jazz] - Tomajazz 9.0","src":"https:\/\/i0.wp.com\/tomajazz.com\/web\/wp-content\/uploads\/2023\/06\/Caratulas-Festivales-de-Jazz-de-Verano-2023-01.jpg?resize=350%2C200&ssl=1","width":350,"height":200,"srcset":"https:\/\/i0.wp.com\/tomajazz.com\/web\/wp-content\/uploads\/2023\/06\/Caratulas-Festivales-de-Jazz-de-Verano-2023-01.jpg?resize=350%2C200&ssl=1 1x, https:\/\/i0.wp.com\/tomajazz.com\/web\/wp-content\/uploads\/2023\/06\/Caratulas-Festivales-de-Jazz-de-Verano-2023-01.jpg?resize=525%2C300&ssl=1 1.5x, https:\/\/i0.wp.com\/tomajazz.com\/web\/wp-content\/uploads\/2023\/06\/Caratulas-Festivales-de-Jazz-de-Verano-2023-01.jpg?resize=700%2C400&ssl=1 2x"},"classes":[]},{"id":36894,"url":"https:\/\/tomajazz.com\/web\/politica-de-privacidad\/","url_meta":{"origin":37000,"position":4},"title":"Pol\u00edtica de privacidad","author":"Tomajazz","date":"25 mayo, 2018","format":false,"excerpt":"Qui\u00e9nes somos La direcci\u00f3n de nuestra web es: https:\/\/tomajazz.com\/web. Qu\u00e9 datos personales recogemos y por qu\u00e9 los recogemos Comentarios Cuando los visitantes dejan comentarios en la web, recopilamos los datos que se muestran en el formulario de comentarios, as\u00ed como la direcci\u00f3n IP del visitante y la cadena de agentes\u2026","rel":"","context":"Entrada similar","block_context":{"text":"Entrada similar","link":""},"img":{"alt_text":"","src":"","width":0,"height":0},"classes":[]},{"id":78785,"url":"https:\/\/tomajazz.com\/web\/festivales-de-jazz\/","url_meta":{"origin":37000,"position":5},"title":"Los Festivales de jazz, Ciclos, Seminarios, Conciertos, Exposiciones y Eventos de jazz en Espa\u00f1a [Especial jazz en Espa\u00f1a]","author":"Tomajazz","date":"24 septiembre, 2023","format":false,"excerpt":"Especial Festivales de jazz... ciclos de jazz, seminarios... exposiciones... y m\u00e1s... Esta lista, no exhaustiva (aunque pretende ser lo m\u00e1s completa posible), intenta recopilar la informaci\u00f3n de los conciertos, Festivales de Jazz, Ciclos de jazz, Seminarios, Exposiciones, Conferencias y distintos eventos relacionados con el jazz que tendr\u00e1n lugar en Espa\u00f1a\u2026","rel":"","context":"Entrada similar","block_context":{"text":"Entrada similar","link":""},"img":{"alt_text":"Los Festivales de jazz, Ciclos, Seminarios, Conciertos, Exposiciones y Eventos de jazz en Espa\u00f1a - Tomajazz","src":"https:\/\/i0.wp.com\/tomajazz.com\/web\/wp-content\/uploads\/2024\/02\/Los-Festivales-de-jazz-Ciclos-Seminarios-Conciertos-Exposiciones-y-Eventos-de-jazz-en-Espana-collage-2024-02-Tomajazz-Noticias-2.jpg?resize=350%2C200&ssl=1","width":350,"height":200,"srcset":"https:\/\/i0.wp.com\/tomajazz.com\/web\/wp-content\/uploads\/2024\/02\/Los-Festivales-de-jazz-Ciclos-Seminarios-Conciertos-Exposiciones-y-Eventos-de-jazz-en-Espana-collage-2024-02-Tomajazz-Noticias-2.jpg?resize=350%2C200&ssl=1 1x, https:\/\/i0.wp.com\/tomajazz.com\/web\/wp-content\/uploads\/2024\/02\/Los-Festivales-de-jazz-Ciclos-Seminarios-Conciertos-Exposiciones-y-Eventos-de-jazz-en-Espana-collage-2024-02-Tomajazz-Noticias-2.jpg?resize=525%2C300&ssl=1 1.5x, https:\/\/i0.wp.com\/tomajazz.com\/web\/wp-content\/uploads\/2024\/02\/Los-Festivales-de-jazz-Ciclos-Seminarios-Conciertos-Exposiciones-y-Eventos-de-jazz-en-Espana-collage-2024-02-Tomajazz-Noticias-2.jpg?resize=700%2C400&ssl=1 2x"},"classes":[]}],"_links":{"self":[{"href":"https:\/\/tomajazz.com\/web\/wp-json\/wp\/v2\/pages\/37000","targetHints":{"allow":["GET"]}}],"collection":[{"href":"https:\/\/tomajazz.com\/web\/wp-json\/wp\/v2\/pages"}],"about":[{"href":"https:\/\/tomajazz.com\/web\/wp-json\/wp\/v2\/types\/page"}],"author":[{"embeddable":true,"href":"https:\/\/tomajazz.com\/web\/wp-json\/wp\/v2\/users\/1"}],"replies":[{"embeddable":true,"href":"https:\/\/tomajazz.com\/web\/wp-json\/wp\/v2\/comments?post=37000"}],"version-history":[{"count":11,"href":"https:\/\/tomajazz.com\/web\/wp-json\/wp\/v2\/pages\/37000\/revisions"}],"predecessor-version":[{"id":37114,"href":"https:\/\/tomajazz.com\/web\/wp-json\/wp\/v2\/pages\/37000\/revisions\/37114"}],"wp:featuredmedia":[{"embeddable":true,"href":"https:\/\/tomajazz.com\/web\/wp-json\/wp\/v2\/media\/37003"}],"wp:attachment":[{"href":"https:\/\/tomajazz.com\/web\/wp-json\/wp\/v2\/media?parent=37000"}],"curies":[{"name":"wp","href":"https:\/\/api.w.org\/{rel}","templated":true}]}}