{"id":56027,"date":"2021-07-29T19:14:03","date_gmt":"2021-07-29T17:14:03","guid":{"rendered":"https:\/\/www.tomajazz.com\/web\/?page_id=56027"},"modified":"2021-07-29T19:17:15","modified_gmt":"2021-07-29T17:17:15","slug":"contacto-contact","status":"publish","type":"page","link":"https:\/\/tomajazz.com\/web\/contacto-contact\/","title":{"rendered":"Contacto \/ Contact"},"content":{"rendered":"<p style=\"text-align: center;\"><img loading=\"lazy\" decoding=\"async\" class=\"aligncenter size-large wp-image-56028\" src=\"https:\/\/tomajazz.com\/web\/wp-content\/uploads\/2021\/07\/Tomajazz_Foto_Portada_2021-07-551x600.jpg\" alt=\"\" width=\"551\" height=\"600\" title=\"\" srcset=\"https:\/\/tomajazz.com\/web\/wp-content\/uploads\/2021\/07\/Tomajazz_Foto_Portada_2021-07-551x600.jpg 551w, https:\/\/tomajazz.com\/web\/wp-content\/uploads\/2021\/07\/Tomajazz_Foto_Portada_2021-07-200x218.jpg 200w, https:\/\/tomajazz.com\/web\/wp-content\/uploads\/2021\/07\/Tomajazz_Foto_Portada_2021-07-465x506.jpg 465w, https:\/\/tomajazz.com\/web\/wp-content\/uploads\/2021\/07\/Tomajazz_Foto_Portada_2021-07-459x500.jpg 459w, https:\/\/tomajazz.com\/web\/wp-content\/uploads\/2021\/07\/Tomajazz_Foto_Portada_2021-07.jpg 702w\" sizes=\"auto, (max-width: 551px) 100vw, 551px\" \/><\/p>\n<ul>\n<li>Mail: tomajazz at gmail dot com \/ tomajazz arroba gmail punto com<\/li>\n<li>Postal:<br \/>\nTomajazz<br \/>\nP.O.BOX 8024<br \/>\n31191 Cordovilla (Navarra)<br \/>\nSpain<\/li>\n<li>Telef: +34 646 27 75 52<\/li>\n<li>Twitter:\u00a0<a href=\"https:\/\/twitter.com\/tomajazz\" target=\"_blank\" rel=\"noopener\">@tomajazz<\/a><\/li>\n<li>Facebook:\u00a0<a href=\"http:\/\/www.facebook.com\/tomajazz\" target=\"_blank\" rel=\"noopener\">Tomajazz Toma Jazz<\/a> \/ <a href=\"https:\/\/www.facebook.com\/tomajazz\" target=\"_blank\" rel=\"noopener\">www.facebook.com\/tomajazz\u00a0<\/a><\/li>\n<\/ul>\n","protected":false},"excerpt":{"rendered":"<p>Mail: tomajazz at gmail dot com \/ tomajazz arroba gmail punto com Postal: Tomajazz P.O.BOX 8024 31191 Cordovilla (Navarra) Spain Telef: +34 646 27 75 52 Twitter:\u00a0@tomajazz Facebook:\u00a0Tomajazz Toma Jazz \/ www.facebook.com\/tomajazz\u00a0<span class=\"more-link\"><a href=\"https:\/\/tomajazz.com\/web\/contacto-contact\/\">Contin\u00faa leyendo<\/a><\/span><\/p>\n","protected":false},"author":1,"featured_media":56033,"parent":0,"menu_order":0,"comment_status":"closed","ping_status":"closed","template":"","meta":{"jetpack_post_was_ever_published":false,"footnotes":""},"class_list":["entry","author-pachi","post-56027","page","type-page","status-publish","has-post-thumbnail"],"jetpack_likes_enabled":true,"jetpack_sharing_enabled":true,"jetpack-related-posts":[{"id":103855,"url":"https:\/\/tomajazz.com\/web\/el-libro-de-los-desapuntados\/","url_meta":{"origin":56027,"position":0},"title":"El libro de los desapuntados","author":"Tomajazz","date":"31 enero, 2026","format":false,"excerpt":"","rel":"","context":"Entrada similar","block_context":{"text":"Entrada similar","link":""},"img":{"alt_text":"","src":"","width":0,"height":0},"classes":[]},{"id":4121,"url":"https:\/\/tomajazz.com\/web\/tomajazz-2-0\/","url_meta":{"origin":56027,"position":1},"title":"Tomajazz: un cuaderno de bit\u00e1cora&#8230; o algo parecido [Historia de Tomajazz AKA Qui\u00e9nes somos &#8211; Qu\u00e9 hacemos]","author":"Tomajazz","date":"28 enero, 2013","format":false,"excerpt":"\u00a0 Tomajazz y su cuaderno de bit\u00e1cora... las \u00faltimas novedades... 2026-03-31: \u00a1nos cambiamos de casa! (que no de alojamiento): como en Tomajazz somos muy apa\u00f1ados y hacemos de la necesidad virtud, aprovechando que ten\u00edamos que actualizar el sistema operativo del servidor, procedimos no s\u00f3lo a actualizar el sistema operativo, sino\u2026","rel":"","context":"Entrada similar","block_context":{"text":"Entrada similar","link":""},"img":{"alt_text":"Tomajazz: un cuaderno de bit\u00e1cora... o algo parecido [Historia de Tomajazz AKA Qui\u00e9nes somos - Qu\u00e9 hacemos] - Tomajazz","src":"https:\/\/i0.wp.com\/tomajazz.com\/web\/wp-content\/uploads\/2024\/11\/Esfera-Jazz-20241130-Tomajazz-Quienes-Somos.jpg?resize=350%2C200&ssl=1","width":350,"height":200,"srcset":"https:\/\/i0.wp.com\/tomajazz.com\/web\/wp-content\/uploads\/2024\/11\/Esfera-Jazz-20241130-Tomajazz-Quienes-Somos.jpg?resize=350%2C200&ssl=1 1x, https:\/\/i0.wp.com\/tomajazz.com\/web\/wp-content\/uploads\/2024\/11\/Esfera-Jazz-20241130-Tomajazz-Quienes-Somos.jpg?resize=525%2C300&ssl=1 1.5x"},"classes":[]},{"id":18871,"url":"https:\/\/tomajazz.com\/web\/se-dice-se-comenta-de-tomajazz-beta\/","url_meta":{"origin":56027,"position":2},"title":"Se dice, se comenta de Tomajazz (Beta)","author":"Tomajazz","date":"25 junio, 2015","format":false,"excerpt":"[testimonials columns=1 showposts=10 orderby=date]","rel":"","context":"Entrada similar","block_context":{"text":"Entrada similar","link":""},"img":{"alt_text":"","src":"https:\/\/i0.wp.com\/tomajazz.com\/web\/wp-content\/uploads\/2015\/06\/Mario-Carrillo-sobre-entrevista-Maureen-Choi-en-Facebook.png?resize=350%2C200&ssl=1","width":350,"height":200,"srcset":"https:\/\/i0.wp.com\/tomajazz.com\/web\/wp-content\/uploads\/2015\/06\/Mario-Carrillo-sobre-entrevista-Maureen-Choi-en-Facebook.png?resize=350%2C200&ssl=1 1x, https:\/\/i0.wp.com\/tomajazz.com\/web\/wp-content\/uploads\/2015\/06\/Mario-Carrillo-sobre-entrevista-Maureen-Choi-en-Facebook.png?resize=525%2C300&ssl=1 1.5x, https:\/\/i0.wp.com\/tomajazz.com\/web\/wp-content\/uploads\/2015\/06\/Mario-Carrillo-sobre-entrevista-Maureen-Choi-en-Facebook.png?resize=700%2C400&ssl=1 2x, https:\/\/i0.wp.com\/tomajazz.com\/web\/wp-content\/uploads\/2015\/06\/Mario-Carrillo-sobre-entrevista-Maureen-Choi-en-Facebook.png?resize=1050%2C600&ssl=1 3x"},"classes":[]},{"id":37000,"url":"https:\/\/tomajazz.com\/web\/los-podcast-de-tomajazz-y-alrededores\/","url_meta":{"origin":56027,"position":3},"title":"Los podcast de Tomajazz&#8230; y alrededores","author":"Tomajazz","date":"30 mayo, 2018","format":false,"excerpt":"En Telegram puedes seguir todos los podcast que publicamos en Tomajazz https:\/\/t.me\/TomajazzPodcast Estos son algunos de los podcast\u00a0y programas de radio que se emiten y publican desde Tomajazz, y\/o que son realizados por algunos de los colaboradores de Tomajazz: HDO: Hablando de O\u00eddas de Pachi Tapiz\u00a0\/\u00a0Para seguir HDO en Telegram\u2026","rel":"","context":"Entrada similar","block_context":{"text":"Entrada similar","link":""},"img":{"alt_text":"","src":"https:\/\/i0.wp.com\/tomajazz.com\/web\/wp-content\/uploads\/2018\/05\/Los-podcast-de-Tomajazz.png?resize=350%2C200&ssl=1","width":350,"height":200},"classes":[]},{"id":26153,"url":"https:\/\/tomajazz.com\/web\/tienda\/","url_meta":{"origin":56027,"position":4},"title":"Tienda","author":"Tomajazz","date":"2 septiembre, 2016","format":false,"excerpt":"","rel":"","context":"Entrada similar","block_context":{"text":"Entrada similar","link":""},"img":{"alt_text":"","src":"","width":0,"height":0},"classes":[]},{"id":26157,"url":"https:\/\/tomajazz.com\/web\/carrito\/","url_meta":{"origin":56027,"position":5},"title":"Carrito","author":"Tomajazz","date":"2 septiembre, 2016","format":false,"excerpt":"[woocommerce_cart]","rel":"","context":"Entrada similar","block_context":{"text":"Entrada similar","link":""},"img":{"alt_text":"","src":"","width":0,"height":0},"classes":[]}],"_links":{"self":[{"href":"https:\/\/tomajazz.com\/web\/wp-json\/wp\/v2\/pages\/56027","targetHints":{"allow":["GET"]}}],"collection":[{"href":"https:\/\/tomajazz.com\/web\/wp-json\/wp\/v2\/pages"}],"about":[{"href":"https:\/\/tomajazz.com\/web\/wp-json\/wp\/v2\/types\/page"}],"author":[{"embeddable":true,"href":"https:\/\/tomajazz.com\/web\/wp-json\/wp\/v2\/users\/1"}],"replies":[{"embeddable":true,"href":"https:\/\/tomajazz.com\/web\/wp-json\/wp\/v2\/comments?post=56027"}],"version-history":[{"count":1,"href":"https:\/\/tomajazz.com\/web\/wp-json\/wp\/v2\/pages\/56027\/revisions"}],"predecessor-version":[{"id":56031,"href":"https:\/\/tomajazz.com\/web\/wp-json\/wp\/v2\/pages\/56027\/revisions\/56031"}],"wp:featuredmedia":[{"embeddable":true,"href":"https:\/\/tomajazz.com\/web\/wp-json\/wp\/v2\/media\/56033"}],"wp:attachment":[{"href":"https:\/\/tomajazz.com\/web\/wp-json\/wp\/v2\/media?parent=56027"}],"curies":[{"name":"wp","href":"https:\/\/api.w.org\/{rel}","templated":true}]}}